{"id":2798,"date":"2018-09-14T13:13:16","date_gmt":"2018-09-14T13:13:16","guid":{"rendered":"https:\/\/hetvliegendenijlpaard.nl\/?page_id=2798"},"modified":"2019-12-22T14:03:53","modified_gmt":"2019-12-22T14:03:53","slug":"jordanie","status":"publish","type":"page","link":"https:\/\/hetvliegendenijlpaard.nl\/en\/jordanie\/","title":{"rendered":"Jordani\u00eb"},"content":{"rendered":"<div class=\"wpb-content-wrapper\"><section class=\"vc_section\"><div class=\"vc_row wpb_row vc_row-fluid\"><div class=\"wpb_column vc_column_container vc_col-sm-6\"><div class=\"vc_column-inner\"><div class=\"wpb_wrapper\">\n\t<div class=\"wpb_text_column wpb_content_element\" >\n\t\t<div class=\"wpb_wrapper\">\n\t\t\t<h2>Ongenaakbaar, divers en mysterieus. Dat zijn de kwaliteiten van Jordani\u00eb. Dit kleinste land van het Nabije Oosten verrast je met enorme diversiteit: in klimaat, landschap en ecosystemen. Maar ook door de geheel eigen culturele cocktail die hier ontstond door eeuwenlange transithandel.<\/h2>\n<p>Het Vliegende Nijlpaard organiseerd reizen op maat, met een thema, als groeps- of priv\u00e9reis.<\/p>\n\n\t\t<\/div>\n\t<\/div>\n<\/div><\/div><\/div><div class=\"wpb_column vc_column_container vc_col-sm-6\"><div class=\"vc_column-inner\"><div class=\"wpb_wrapper\">\n\t<div  class=\"wpb_single_image wpb_content_element vc_align_center wpb_content_element\">\n\t\t\n\t\t<figure class=\"wpb_wrapper vc_figure\">\n\t\t\t<div class=\"vc_single_image-wrapper vc_box_circle  vc_box_border_grey\"><img decoding=\"async\" class=\"vc_single_image-img\" src=\"https:\/\/hetvliegendenijlpaard.nl\/wp-content\/uploads\/2018\/09\/jordanie-railroute-anniewrightphotography-400x389.jpg\" width=\"400\" height=\"389\" alt=\"Jordanie railroute - foto: Annie Wright Photography\" title=\"Jordanie railroute - foto: Annie Wright Photography\" loading=\"lazy\" \/><\/div>\n\t\t<\/figure>\n\t<\/div>\n<\/div><\/div><\/div><\/div><div class=\"vc_row wpb_row vc_row-fluid\"><div class=\"wpb_column vc_column_container vc_col-sm-12\"><div class=\"vc_column-inner\"><div class=\"wpb_wrapper\"><div class=\"vc_empty_space\"   style=\"height: 66px\"><span class=\"vc_empty_space_inner\"><\/span><\/div><\/div><\/div><\/div><\/div><div class=\"vc_row wpb_row vc_row-fluid\"><div class=\"wpb_column vc_column_container vc_col-sm-12\"><div class=\"vc_column-inner\"><div class=\"wpb_wrapper\">\n<div class=\"vc_grid-container-wrapper vc_clearfix vc_grid-animation-fadeIn\">\n\t<div class=\"vc_grid-container vc_clearfix wpb_content_element vc_basic_grid\" data-initial-loading-animation=\"fadeIn\" data-vc-grid-settings=\"{&quot;page_id&quot;:2798,&quot;style&quot;:&quot;all&quot;,&quot;action&quot;:&quot;vc_get_vc_grid_data&quot;,&quot;shortcode_id&quot;:&quot;1577023241187-710f49027e0809c84bab23a7103155ab-4&quot;,&quot;tag&quot;:&quot;vc_basic_grid&quot;}\" data-vc-request=\"https:\/\/hetvliegendenijlpaard.nl\/wp-admin\/admin-ajax.php\" data-vc-post-id=\"2798\" data-vc-public-nonce=\"e7c9ffe7d5\">\n\t\t<style data-type=\"vc_shortcodes-custom-css\">.vc_custom_1536830216605{border-bottom-width: 7px !important;border-bottom-color: #ffffff !important;border-bottom-style: solid !important;}.vc_custom_1536749089003{border-bottom-width: 7px !important;background-color: rgba(0,0,0,0.34) !important;*background-color: rgb(0,0,0) !important;border-bottom-color: #000000 !important;border-bottom-style: solid !important;}<\/style><ul class=\"vc_grid-filter vc_clearfix vc_grid-filter-bordered vc_grid-filter-size-lg vc_grid-filter-left vc_grid-filter-color-chino\" data-vc-grid-filter=\"category\"><li class=\"vc_active vc_grid-filter-item\"><span data-vc-grid-filter-value=\"*\">Alle Jordani\u00eb reizen<\/span><\/li><li class=\"vc_grid-filter-item\"><span data-vc-grid-filter-value=\".vc_grid-term-34\">Rondreis begeleid<\/span><\/li><\/ul><div class=\"vc_grid-filter-select vc_grid-filter-left vc_grid-filter-color-chino\" data-vc-grid-filter-select=\"category\"><div class=\"vc_grid-styled-select\"><select data-filter=\"category\"><option class=\"vc_active\" value=\"*\">Alle Jordani\u00eb reizen&nbsp;&nbsp;&nbsp;&nbsp;&nbsp;&nbsp;&nbsp;&nbsp;&nbsp;&nbsp;<\/option><option value=\".vc_grid-term-34\">Rondreis begeleid&nbsp;&nbsp;&nbsp;&nbsp;&nbsp;&nbsp;&nbsp;&nbsp;&nbsp;&nbsp;<\/option><\/select><i class=\"vc_arrow-icon-navicon\"><\/i>\n\t\t<\/div>\n\t<\/div><div class=\"vc_grid vc_row vc_grid-gutter-30px vc_pageable-wrapper vc_hook_hover\" data-vc-pageable-content=\"true\"><div class=\"vc_pageable-slide-wrapper vc_clearfix\" data-vc-grid-content=\"true\"><div class=\"vc_grid-item vc_clearfix vc_col-sm-4 vc_grid-item-zone-c-bottom vc_grid-term-46 vc_grid-term-193 vc_grid-term-34\"><div class=\"vc_grid-item-mini vc_clearfix\"><div class=\"vc_gitem-animated-block  vc_gitem-animate vc_gitem-animate-fadeIn\"  data-vc-animation=\"fadeIn\"><div class=\"vc_gitem-zone vc_gitem-zone-a vc_custom_1536830216605 vc-gitem-zone-height-mode-auto vc-gitem-zone-height-mode-auto-4-3 vc_gitem-is-link\" style=\"background-image: url('https:\/\/hetvliegendenijlpaard.nl\/wp-content\/uploads\/2018\/09\/jordaniereis-petra-hetvliegendenijlpaard-1024x751.jpg') !important;\"><a href=\"https:\/\/hetvliegendenijlpaard.nl\/en\/mysterieus-jordanie\/\" title=\"Groepsreis door ongenaakbaar, divers en mysterieus Jordani\u00eb | op aanvraag, 12 dgn\" class=\"vc_gitem-link vc-zone-link\" ><\/a><img decoding=\"async\" class=\"vc_gitem-zone-img\" src=\"https:\/\/hetvliegendenijlpaard.nl\/wp-content\/uploads\/2018\/09\/jordaniereis-petra-hetvliegendenijlpaard-1024x751.jpg\" alt=\"Groepsreis door ongenaakbaar, divers en mysterieus Jordani\u00eb | op aanvraag, 12 dgn\" loading=\"lazy\"><div class=\"vc_gitem-zone-mini\"><\/div><\/div><div class=\"vc_gitem-zone vc_gitem-zone-b vc_custom_1536749089003 vc-gitem-zone-height-mode-auto vc_gitem-is-link\"><a href=\"https:\/\/hetvliegendenijlpaard.nl\/en\/mysterieus-jordanie\/\" title=\"Groepsreis door ongenaakbaar, divers en mysterieus Jordani\u00eb | op aanvraag, 12 dgn\" class=\"vc_gitem-link vc-zone-link\" ><\/a><div class=\"vc_gitem-zone-mini\"><\/div><\/div><\/div><div class=\"vc_gitem-zone vc_gitem-zone-c\"><div class=\"vc_gitem-zone-mini\"><div class=\"vc_gitem_row vc_row vc_gitem-row-position-top\"><div class=\"vc_col-sm-12 vc_gitem-col vc_gitem-col-align-\"><div class=\"vc_custom_heading vc_gitem-post-data vc_gitem-post-data-source-post_title\" ><h4 style=\"font-size: 22px;color: #000000;text-align: left;font-family:IM Fell Double Pica;font-weight:400;font-style:normal\" >Groepsreis door ongenaakbaar, divers en mysterieus Jordani\u00eb | op aanvraag, 12 dgn<\/h4><\/div><\/div><\/div><\/div><\/div><\/div><div class=\"vc_clearfix\"><\/div><\/div><\/div><\/div>\n\t<\/div>\n<\/div><\/div><\/div><\/div><\/div><div class=\"vc_row wpb_row vc_row-fluid\"><div class=\"wpb_column vc_column_container vc_col-sm-12\"><div class=\"vc_column-inner\"><div class=\"wpb_wrapper\"><div class=\"vc_empty_space\"   style=\"height: 44px\"><span class=\"vc_empty_space_inner\"><\/span><\/div>\n\t<div  class=\"wpb_single_image wpb_content_element vc_align_center wpb_content_element\">\n\t\t\n\t\t<figure class=\"wpb_wrapper vc_figure\">\n\t\t\t<div class=\"vc_single_image-wrapper   vc_box_border_grey\"><img loading=\"lazy\" decoding=\"async\" width=\"822\" height=\"8\" src=\"https:\/\/hetvliegendenijlpaard.nl\/wp-content\/uploads\/2018\/09\/footerlijn-hvn-2.png\" class=\"vc_single_image-img attachment-full\" alt=\"\" title=\"footerlijn-hvn-2\" srcset=\"https:\/\/hetvliegendenijlpaard.nl\/wp-content\/uploads\/2018\/09\/footerlijn-hvn-2.png 822w, https:\/\/hetvliegendenijlpaard.nl\/wp-content\/uploads\/2018\/09\/footerlijn-hvn-2-300x3.png 300w, https:\/\/hetvliegendenijlpaard.nl\/wp-content\/uploads\/2018\/09\/footerlijn-hvn-2-768x8.png 768w\" sizes=\"auto, (max-width: 822px) 100vw, 822px\" \/><\/div>\n\t\t<\/figure>\n\t<\/div>\n<div class=\"vc_empty_space\"   style=\"height: 44px\"><span class=\"vc_empty_space_inner\"><\/span><\/div><\/div><\/div><\/div><\/div><div class=\"vc_row wpb_row vc_row-fluid\"><div class=\"wpb_column vc_column_container vc_col-sm-6\"><div class=\"vc_column-inner\"><div class=\"wpb_wrapper\">\n\t<div class=\"wpb_text_column wpb_content_element\" >\n\t\t<div class=\"wpb_wrapper\">\n\t\t\t<h2>Over Jordani\u00eb<\/h2>\n\n\t\t<\/div>\n\t<\/div>\n\n\t<div class=\"wpb_text_column wpb_content_element\" >\n\t\t<div class=\"wpb_wrapper\">\n\t\t\t<p>Jordani\u00eb is het kleinste land van het Midden Oosten. Het ligt in \u00e9\u00e9n van de vier meest waterarme gebieden ter wereld. De woestijn die ten grondslag ligt aan de cultuur van het land, was in de oudheid in handen van de mysterieuze Nabatae\u00ebrs, een semi-nomadische, Arabische stam. Zij verzonnen ingenieuze manieren van wateropslag en legden lommerrijke woestijnsteden aan met woningen uitgespaard in de levende rots. De karavaanroutes die over hun grondgebied liepen brachten hen legendarische rijkdom totdat de Romeinen het koninkrijk Nabataea in 106 A.D. omvormden tot de Provincia Arabia. Jordani\u00eb is ook het land van T.E. Lawrence. Hij verloor er zijn hart, aan de bedoe\u00efenen, aan Wadi Rum. Het gevolg was de legendarische film van David Lean, Lawrence of Arabia.<\/p>\n\n\t\t<\/div>\n\t<\/div>\n<\/div><\/div><\/div><div class=\"wpb_column vc_column_container vc_col-sm-6\"><div class=\"vc_column-inner\"><div class=\"wpb_wrapper\">\n\t<div class=\"wpb_text_column wpb_content_element\" >\n\t\t<div class=\"wpb_wrapper\">\n\t\t\t<p><img loading=\"lazy\" decoding=\"async\" class=\"size-full wp-image-2804 aligncenter\" src=\"https:\/\/hetvliegendenijlpaard.nl\/wp-content\/uploads\/2018\/09\/Jordan_kaart-small.jpg\" alt=\"\" width=\"900\" height=\"1038\" srcset=\"https:\/\/hetvliegendenijlpaard.nl\/wp-content\/uploads\/2018\/09\/Jordan_kaart-small.jpg 900w, https:\/\/hetvliegendenijlpaard.nl\/wp-content\/uploads\/2018\/09\/Jordan_kaart-small-260x300.jpg 260w, https:\/\/hetvliegendenijlpaard.nl\/wp-content\/uploads\/2018\/09\/Jordan_kaart-small-768x886.jpg 768w, https:\/\/hetvliegendenijlpaard.nl\/wp-content\/uploads\/2018\/09\/Jordan_kaart-small-888x1024.jpg 888w\" sizes=\"auto, (max-width: 900px) 100vw, 900px\" \/><\/p>\n\n\t\t<\/div>\n\t<\/div>\n<\/div><\/div><\/div><\/div><\/section><div class=\"vc_row wpb_row vc_row-fluid\"><div class=\"wpb_column vc_column_container vc_col-sm-12\"><div class=\"vc_column-inner\"><div class=\"wpb_wrapper\"><div class=\"vc_empty_space\"   style=\"height: 44px\"><span class=\"vc_empty_space_inner\"><\/span><\/div>\n\t<div  class=\"wpb_single_image wpb_content_element vc_align_center wpb_content_element\">\n\t\t\n\t\t<figure class=\"wpb_wrapper vc_figure\">\n\t\t\t<div class=\"vc_single_image-wrapper   vc_box_border_grey\"><img loading=\"lazy\" decoding=\"async\" width=\"822\" height=\"8\" src=\"https:\/\/hetvliegendenijlpaard.nl\/wp-content\/uploads\/2018\/09\/footerlijn-hvn-2.png\" class=\"vc_single_image-img attachment-full\" alt=\"\" title=\"footerlijn-hvn-2\" srcset=\"https:\/\/hetvliegendenijlpaard.nl\/wp-content\/uploads\/2018\/09\/footerlijn-hvn-2.png 822w, https:\/\/hetvliegendenijlpaard.nl\/wp-content\/uploads\/2018\/09\/footerlijn-hvn-2-300x3.png 300w, https:\/\/hetvliegendenijlpaard.nl\/wp-content\/uploads\/2018\/09\/footerlijn-hvn-2-768x8.png 768w\" sizes=\"auto, (max-width: 822px) 100vw, 822px\" \/><\/div>\n\t\t<\/figure>\n\t<\/div>\n<div class=\"vc_empty_space\"   style=\"height: 44px\"><span class=\"vc_empty_space_inner\"><\/span><\/div><\/div><\/div><\/div><\/div>\n<\/div>","protected":false},"excerpt":{"rendered":"<p><a class=\"more-link\" href=\"https:\/\/hetvliegendenijlpaard.nl\/en\/jordanie\/\">Lees meer<\/a><\/p>","protected":false},"author":1,"featured_media":0,"parent":0,"menu_order":0,"comment_status":"closed","ping_status":"closed","template":"","meta":{"_genesis_hide_title":false,"_genesis_hide_breadcrumbs":false,"_genesis_hide_singular_image":false,"_genesis_hide_footer_widgets":false,"_genesis_custom_body_class":"","_genesis_custom_post_class":"","_genesis_layout":"full-width-content","footnotes":""},"class_list":{"0":"post-2798","1":"page","2":"type-page","3":"status-publish","5":"entry","6":"has-post-thumbnail"},"yoast_head":"<!-- This site is optimized with the Yoast SEO plugin v27.5 - https:\/\/yoast.com\/product\/yoast-seo-wordpress\/ -->\n<title>Jordani\u00eb - Het Vliegende Nijlpaard<\/title>\n<meta name=\"robots\" content=\"index, follow, max-snippet:-1, max-image-preview:large, max-video-preview:-1\" \/>\n<link rel=\"canonical\" href=\"https:\/\/hetvliegendenijlpaard.nl\/en\/jordanie\/\" \/>\n<meta property=\"og:locale\" content=\"en_GB\" \/>\n<meta property=\"og:type\" content=\"article\" \/>\n<meta property=\"og:title\" content=\"Jordani\u00eb - Het Vliegende Nijlpaard\" \/>\n<meta property=\"og:url\" content=\"https:\/\/hetvliegendenijlpaard.nl\/en\/jordanie\/\" \/>\n<meta property=\"og:site_name\" content=\"Het Vliegende Nijlpaard\" \/>\n<meta property=\"article:modified_time\" content=\"2019-12-22T14:03:53+00:00\" \/>\n<meta property=\"og:image\" content=\"https:\/\/hetvliegendenijlpaard.nl\/wp-content\/uploads\/2018\/09\/Jordan_kaart-small.jpg\" \/>\n<meta name=\"twitter:card\" content=\"summary_large_image\" \/>\n<meta name=\"twitter:label1\" content=\"Estimated reading time\" \/>\n\t<meta name=\"twitter:data1\" content=\"2 minutes\" \/>\n<script type=\"application\/ld+json\" class=\"yoast-schema-graph\">{\"@context\":\"https:\\\/\\\/schema.org\",\"@graph\":[{\"@type\":\"WebPage\",\"@id\":\"https:\\\/\\\/hetvliegendenijlpaard.nl\\\/jordanie\\\/\",\"url\":\"https:\\\/\\\/hetvliegendenijlpaard.nl\\\/jordanie\\\/\",\"name\":\"Jordani\u00eb - Het Vliegende Nijlpaard\",\"isPartOf\":{\"@id\":\"https:\\\/\\\/hetvliegendenijlpaard.nl\\\/#website\"},\"primaryImageOfPage\":{\"@id\":\"https:\\\/\\\/hetvliegendenijlpaard.nl\\\/jordanie\\\/#primaryimage\"},\"image\":{\"@id\":\"https:\\\/\\\/hetvliegendenijlpaard.nl\\\/jordanie\\\/#primaryimage\"},\"thumbnailUrl\":\"https:\\\/\\\/hetvliegendenijlpaard.nl\\\/wp-content\\\/uploads\\\/2018\\\/09\\\/Jordan_kaart-small.jpg\",\"datePublished\":\"2018-09-14T13:13:16+00:00\",\"dateModified\":\"2019-12-22T14:03:53+00:00\",\"breadcrumb\":{\"@id\":\"https:\\\/\\\/hetvliegendenijlpaard.nl\\\/jordanie\\\/#breadcrumb\"},\"inLanguage\":\"en-GB\",\"potentialAction\":[{\"@type\":\"ReadAction\",\"target\":[\"https:\\\/\\\/hetvliegendenijlpaard.nl\\\/jordanie\\\/\"]}]},{\"@type\":\"ImageObject\",\"inLanguage\":\"en-GB\",\"@id\":\"https:\\\/\\\/hetvliegendenijlpaard.nl\\\/jordanie\\\/#primaryimage\",\"url\":\"https:\\\/\\\/hetvliegendenijlpaard.nl\\\/wp-content\\\/uploads\\\/2018\\\/09\\\/Jordan_kaart-small.jpg\",\"contentUrl\":\"https:\\\/\\\/hetvliegendenijlpaard.nl\\\/wp-content\\\/uploads\\\/2018\\\/09\\\/Jordan_kaart-small.jpg\"},{\"@type\":\"BreadcrumbList\",\"@id\":\"https:\\\/\\\/hetvliegendenijlpaard.nl\\\/jordanie\\\/#breadcrumb\",\"itemListElement\":[{\"@type\":\"ListItem\",\"position\":1,\"name\":\"Home\",\"item\":\"https:\\\/\\\/hetvliegendenijlpaard.nl\\\/\"},{\"@type\":\"ListItem\",\"position\":2,\"name\":\"Jordani\u00eb\"}]},{\"@type\":\"WebSite\",\"@id\":\"https:\\\/\\\/hetvliegendenijlpaard.nl\\\/#website\",\"url\":\"https:\\\/\\\/hetvliegendenijlpaard.nl\\\/\",\"name\":\"Het Vliegende Nijlpaard\",\"description\":\"Cultuurtochten over oeroude paden, naar mummies en monikken, veen en zand\",\"publisher\":{\"@id\":\"https:\\\/\\\/hetvliegendenijlpaard.nl\\\/#organization\"},\"potentialAction\":[{\"@type\":\"SearchAction\",\"target\":{\"@type\":\"EntryPoint\",\"urlTemplate\":\"https:\\\/\\\/hetvliegendenijlpaard.nl\\\/?s={search_term_string}\"},\"query-input\":{\"@type\":\"PropertyValueSpecification\",\"valueRequired\":true,\"valueName\":\"search_term_string\"}}],\"inLanguage\":\"en-GB\"},{\"@type\":\"Organization\",\"@id\":\"https:\\\/\\\/hetvliegendenijlpaard.nl\\\/#organization\",\"name\":\"Het Vliegende Nijlpaard\",\"alternateName\":\"Cultuurtochten over oeroude paden, naar mummies en monikken, veen en zand\",\"url\":\"https:\\\/\\\/hetvliegendenijlpaard.nl\\\/\",\"logo\":{\"@type\":\"ImageObject\",\"inLanguage\":\"en-GB\",\"@id\":\"https:\\\/\\\/hetvliegendenijlpaard.nl\\\/#\\\/schema\\\/logo\\\/image\\\/\",\"url\":\"https:\\\/\\\/hetvliegendenijlpaard.nl\\\/wp-content\\\/uploads\\\/2018\\\/10\\\/cropped-Nijlpaard.png\",\"contentUrl\":\"https:\\\/\\\/hetvliegendenijlpaard.nl\\\/wp-content\\\/uploads\\\/2018\\\/10\\\/cropped-Nijlpaard.png\",\"width\":512,\"height\":512,\"caption\":\"Het Vliegende Nijlpaard\"},\"image\":{\"@id\":\"https:\\\/\\\/hetvliegendenijlpaard.nl\\\/#\\\/schema\\\/logo\\\/image\\\/\"}}]}<\/script>\n<!-- \/ Yoast SEO plugin. -->","yoast_head_json":{"title":"Jordani\u00eb - Het Vliegende Nijlpaard","robots":{"index":"index","follow":"follow","max-snippet":"max-snippet:-1","max-image-preview":"max-image-preview:large","max-video-preview":"max-video-preview:-1"},"canonical":"https:\/\/hetvliegendenijlpaard.nl\/en\/jordanie\/","og_locale":"en_GB","og_type":"article","og_title":"Jordani\u00eb - Het Vliegende Nijlpaard","og_url":"https:\/\/hetvliegendenijlpaard.nl\/en\/jordanie\/","og_site_name":"Het Vliegende Nijlpaard","article_modified_time":"2019-12-22T14:03:53+00:00","og_image":[{"url":"https:\/\/hetvliegendenijlpaard.nl\/wp-content\/uploads\/2018\/09\/Jordan_kaart-small.jpg","type":"","width":"","height":""}],"twitter_card":"summary_large_image","twitter_misc":{"Estimated reading time":"2 minutes"},"schema":{"@context":"https:\/\/schema.org","@graph":[{"@type":"WebPage","@id":"https:\/\/hetvliegendenijlpaard.nl\/jordanie\/","url":"https:\/\/hetvliegendenijlpaard.nl\/jordanie\/","name":"Jordani\u00eb - Het Vliegende Nijlpaard","isPartOf":{"@id":"https:\/\/hetvliegendenijlpaard.nl\/#website"},"primaryImageOfPage":{"@id":"https:\/\/hetvliegendenijlpaard.nl\/jordanie\/#primaryimage"},"image":{"@id":"https:\/\/hetvliegendenijlpaard.nl\/jordanie\/#primaryimage"},"thumbnailUrl":"https:\/\/hetvliegendenijlpaard.nl\/wp-content\/uploads\/2018\/09\/Jordan_kaart-small.jpg","datePublished":"2018-09-14T13:13:16+00:00","dateModified":"2019-12-22T14:03:53+00:00","breadcrumb":{"@id":"https:\/\/hetvliegendenijlpaard.nl\/jordanie\/#breadcrumb"},"inLanguage":"en-GB","potentialAction":[{"@type":"ReadAction","target":["https:\/\/hetvliegendenijlpaard.nl\/jordanie\/"]}]},{"@type":"ImageObject","inLanguage":"en-GB","@id":"https:\/\/hetvliegendenijlpaard.nl\/jordanie\/#primaryimage","url":"https:\/\/hetvliegendenijlpaard.nl\/wp-content\/uploads\/2018\/09\/Jordan_kaart-small.jpg","contentUrl":"https:\/\/hetvliegendenijlpaard.nl\/wp-content\/uploads\/2018\/09\/Jordan_kaart-small.jpg"},{"@type":"BreadcrumbList","@id":"https:\/\/hetvliegendenijlpaard.nl\/jordanie\/#breadcrumb","itemListElement":[{"@type":"ListItem","position":1,"name":"Home","item":"https:\/\/hetvliegendenijlpaard.nl\/"},{"@type":"ListItem","position":2,"name":"Jordani\u00eb"}]},{"@type":"WebSite","@id":"https:\/\/hetvliegendenijlpaard.nl\/#website","url":"https:\/\/hetvliegendenijlpaard.nl\/","name":"Het Vliegende Nijlpaard","description":"Cultuurtochten over oeroude paden, naar mummies en monikken, veen en zand","publisher":{"@id":"https:\/\/hetvliegendenijlpaard.nl\/#organization"},"potentialAction":[{"@type":"SearchAction","target":{"@type":"EntryPoint","urlTemplate":"https:\/\/hetvliegendenijlpaard.nl\/?s={search_term_string}"},"query-input":{"@type":"PropertyValueSpecification","valueRequired":true,"valueName":"search_term_string"}}],"inLanguage":"en-GB"},{"@type":"Organization","@id":"https:\/\/hetvliegendenijlpaard.nl\/#organization","name":"Het Vliegende Nijlpaard","alternateName":"Cultuurtochten over oeroude paden, naar mummies en monikken, veen en zand","url":"https:\/\/hetvliegendenijlpaard.nl\/","logo":{"@type":"ImageObject","inLanguage":"en-GB","@id":"https:\/\/hetvliegendenijlpaard.nl\/#\/schema\/logo\/image\/","url":"https:\/\/hetvliegendenijlpaard.nl\/wp-content\/uploads\/2018\/10\/cropped-Nijlpaard.png","contentUrl":"https:\/\/hetvliegendenijlpaard.nl\/wp-content\/uploads\/2018\/10\/cropped-Nijlpaard.png","width":512,"height":512,"caption":"Het Vliegende Nijlpaard"},"image":{"@id":"https:\/\/hetvliegendenijlpaard.nl\/#\/schema\/logo\/image\/"}}]}},"_links":{"self":[{"href":"https:\/\/hetvliegendenijlpaard.nl\/en\/wp-json\/wp\/v2\/pages\/2798","targetHints":{"allow":["GET"]}}],"collection":[{"href":"https:\/\/hetvliegendenijlpaard.nl\/en\/wp-json\/wp\/v2\/pages"}],"about":[{"href":"https:\/\/hetvliegendenijlpaard.nl\/en\/wp-json\/wp\/v2\/types\/page"}],"author":[{"embeddable":true,"href":"https:\/\/hetvliegendenijlpaard.nl\/en\/wp-json\/wp\/v2\/users\/1"}],"replies":[{"embeddable":true,"href":"https:\/\/hetvliegendenijlpaard.nl\/en\/wp-json\/wp\/v2\/comments?post=2798"}],"version-history":[{"count":19,"href":"https:\/\/hetvliegendenijlpaard.nl\/en\/wp-json\/wp\/v2\/pages\/2798\/revisions"}],"predecessor-version":[{"id":9249,"href":"https:\/\/hetvliegendenijlpaard.nl\/en\/wp-json\/wp\/v2\/pages\/2798\/revisions\/9249"}],"wp:attachment":[{"href":"https:\/\/hetvliegendenijlpaard.nl\/en\/wp-json\/wp\/v2\/media?parent=2798"}],"curies":[{"name":"wp","href":"https:\/\/api.w.org\/{rel}","templated":true}]}}