{"id":8609,"date":"2018-10-02T11:58:19","date_gmt":"2018-10-02T11:58:19","guid":{"rendered":"https:\/\/hetvliegendenijlpaard.nl\/?page_id=8609"},"modified":"2018-10-02T12:02:48","modified_gmt":"2018-10-02T12:02:48","slug":"de-context-lezingen","status":"publish","type":"page","link":"https:\/\/hetvliegendenijlpaard.nl\/en\/de-context-lezingen\/","title":{"rendered":"De context: lezingen"},"content":{"rendered":"<div class=\"wpb-content-wrapper\"><section class=\"vc_section\"><div class=\"vc_row wpb_row vc_row-fluid\"><div class=\"wpb_column vc_column_container vc_col-sm-8\"><div class=\"vc_column-inner\"><div class=\"wpb_wrapper\"><div class=\"vc_empty_space\"   style=\"height: 32px\"><span class=\"vc_empty_space_inner\"><\/span><\/div>\n\t<div class=\"wpb_text_column wpb_content_element\" >\n\t\t<div class=\"wpb_wrapper\">\n\t\t\t<p>Wil je vrienden, familieden of andere ge\u00efnteresseerden tracteren op een lezing die betrekking heeft op \u00e9\u00e9n land uit het reisaanbod? Neem dan contact op.<\/p>\n<p><strong>Het Vliegende Nijlpaard<br \/>\n<\/strong>Bert Hogervorst<br \/>\n+31 (0)6.400.847.59<br \/>\n<a href=\"mailto:info@hetvliegendenijlpaard.nl\">info@hetvliegendenijlpaard.nl<\/a><\/p>\n\n\t\t<\/div>\n\t<\/div>\n<\/div><\/div><\/div><div class=\"wpb_column vc_column_container vc_col-sm-4\"><div class=\"vc_column-inner\"><div class=\"wpb_wrapper\"><div class=\"vc_empty_space\"   style=\"height: 32px\"><span class=\"vc_empty_space_inner\"><\/span><\/div>\n\t<div  class=\"wpb_single_image wpb_content_element vc_align_center wpb_content_element\">\n\t\t\n\t\t<figure class=\"wpb_wrapper vc_figure\">\n\t\t\t<div class=\"vc_single_image-wrapper vc_box_circle  vc_box_border_grey\"><img decoding=\"async\" class=\"vc_single_image-img\" src=\"https:\/\/hetvliegendenijlpaard.nl\/wp-content\/uploads\/2016\/06\/Luxor-group-anniewrightphotography.com_-1-400x400.gif\" width=\"400\" height=\"400\" alt=\"reisgezelschap van Het Vliegende Nijlpaard in Karnak \u00a9anniewrightphotographie.com\" title=\"travellers in Karnak, anniewrightphotography.com\" loading=\"lazy\" \/><\/div>\n\t\t<\/figure>\n\t<\/div>\n<\/div><\/div><\/div><\/div><\/section>\n<\/div>","protected":false},"excerpt":{"rendered":"<p><a class=\"more-link\" href=\"https:\/\/hetvliegendenijlpaard.nl\/en\/de-context-lezingen\/\">Lees meer<\/a><\/p>","protected":false},"author":1,"featured_media":0,"parent":0,"menu_order":0,"comment_status":"closed","ping_status":"closed","template":"","meta":{"_genesis_hide_title":false,"_genesis_hide_breadcrumbs":false,"_genesis_hide_singular_image":false,"_genesis_hide_footer_widgets":false,"_genesis_custom_body_class":"","_genesis_custom_post_class":"","_genesis_layout":"","footnotes":""},"class_list":{"0":"post-8609","1":"page","2":"type-page","3":"status-publish","5":"entry"},"yoast_head":"<!-- This site is optimized with the Yoast SEO plugin v27.5 - https:\/\/yoast.com\/product\/yoast-seo-wordpress\/ -->\n<title>De context: lezingen - Het Vliegende Nijlpaard<\/title>\n<meta name=\"robots\" content=\"index, follow, max-snippet:-1, max-image-preview:large, max-video-preview:-1\" \/>\n<link rel=\"canonical\" href=\"https:\/\/hetvliegendenijlpaard.nl\/en\/de-context-lezingen\/\" \/>\n<meta property=\"og:locale\" content=\"en_GB\" \/>\n<meta property=\"og:type\" content=\"article\" \/>\n<meta property=\"og:title\" content=\"De context: lezingen - Het Vliegende Nijlpaard\" \/>\n<meta property=\"og:url\" content=\"https:\/\/hetvliegendenijlpaard.nl\/en\/de-context-lezingen\/\" \/>\n<meta property=\"og:site_name\" content=\"Het Vliegende Nijlpaard\" \/>\n<meta property=\"article:modified_time\" content=\"2018-10-02T12:02:48+00:00\" \/>\n<meta name=\"twitter:card\" content=\"summary_large_image\" \/>\n<script type=\"application\/ld+json\" class=\"yoast-schema-graph\">{\"@context\":\"https:\\\/\\\/schema.org\",\"@graph\":[{\"@type\":\"WebPage\",\"@id\":\"https:\\\/\\\/hetvliegendenijlpaard.nl\\\/de-context-lezingen\\\/\",\"url\":\"https:\\\/\\\/hetvliegendenijlpaard.nl\\\/de-context-lezingen\\\/\",\"name\":\"De context: lezingen - Het Vliegende Nijlpaard\",\"isPartOf\":{\"@id\":\"https:\\\/\\\/hetvliegendenijlpaard.nl\\\/#website\"},\"datePublished\":\"2018-10-02T11:58:19+00:00\",\"dateModified\":\"2018-10-02T12:02:48+00:00\",\"breadcrumb\":{\"@id\":\"https:\\\/\\\/hetvliegendenijlpaard.nl\\\/de-context-lezingen\\\/#breadcrumb\"},\"inLanguage\":\"en-GB\",\"potentialAction\":[{\"@type\":\"ReadAction\",\"target\":[\"https:\\\/\\\/hetvliegendenijlpaard.nl\\\/de-context-lezingen\\\/\"]}]},{\"@type\":\"BreadcrumbList\",\"@id\":\"https:\\\/\\\/hetvliegendenijlpaard.nl\\\/de-context-lezingen\\\/#breadcrumb\",\"itemListElement\":[{\"@type\":\"ListItem\",\"position\":1,\"name\":\"Home\",\"item\":\"https:\\\/\\\/hetvliegendenijlpaard.nl\\\/\"},{\"@type\":\"ListItem\",\"position\":2,\"name\":\"De context: lezingen\"}]},{\"@type\":\"WebSite\",\"@id\":\"https:\\\/\\\/hetvliegendenijlpaard.nl\\\/#website\",\"url\":\"https:\\\/\\\/hetvliegendenijlpaard.nl\\\/\",\"name\":\"Het Vliegende Nijlpaard\",\"description\":\"Cultuurtochten over oeroude paden, naar mummies en monikken, veen en zand\",\"publisher\":{\"@id\":\"https:\\\/\\\/hetvliegendenijlpaard.nl\\\/#organization\"},\"potentialAction\":[{\"@type\":\"SearchAction\",\"target\":{\"@type\":\"EntryPoint\",\"urlTemplate\":\"https:\\\/\\\/hetvliegendenijlpaard.nl\\\/?s={search_term_string}\"},\"query-input\":{\"@type\":\"PropertyValueSpecification\",\"valueRequired\":true,\"valueName\":\"search_term_string\"}}],\"inLanguage\":\"en-GB\"},{\"@type\":\"Organization\",\"@id\":\"https:\\\/\\\/hetvliegendenijlpaard.nl\\\/#organization\",\"name\":\"Het Vliegende Nijlpaard\",\"alternateName\":\"Cultuurtochten over oeroude paden, naar mummies en monikken, veen en zand\",\"url\":\"https:\\\/\\\/hetvliegendenijlpaard.nl\\\/\",\"logo\":{\"@type\":\"ImageObject\",\"inLanguage\":\"en-GB\",\"@id\":\"https:\\\/\\\/hetvliegendenijlpaard.nl\\\/#\\\/schema\\\/logo\\\/image\\\/\",\"url\":\"https:\\\/\\\/hetvliegendenijlpaard.nl\\\/wp-content\\\/uploads\\\/2018\\\/10\\\/cropped-Nijlpaard.png\",\"contentUrl\":\"https:\\\/\\\/hetvliegendenijlpaard.nl\\\/wp-content\\\/uploads\\\/2018\\\/10\\\/cropped-Nijlpaard.png\",\"width\":512,\"height\":512,\"caption\":\"Het Vliegende Nijlpaard\"},\"image\":{\"@id\":\"https:\\\/\\\/hetvliegendenijlpaard.nl\\\/#\\\/schema\\\/logo\\\/image\\\/\"}}]}<\/script>\n<!-- \/ Yoast SEO plugin. -->","yoast_head_json":{"title":"De context: lezingen - Het Vliegende Nijlpaard","robots":{"index":"index","follow":"follow","max-snippet":"max-snippet:-1","max-image-preview":"max-image-preview:large","max-video-preview":"max-video-preview:-1"},"canonical":"https:\/\/hetvliegendenijlpaard.nl\/en\/de-context-lezingen\/","og_locale":"en_GB","og_type":"article","og_title":"De context: lezingen - Het Vliegende Nijlpaard","og_url":"https:\/\/hetvliegendenijlpaard.nl\/en\/de-context-lezingen\/","og_site_name":"Het Vliegende Nijlpaard","article_modified_time":"2018-10-02T12:02:48+00:00","twitter_card":"summary_large_image","schema":{"@context":"https:\/\/schema.org","@graph":[{"@type":"WebPage","@id":"https:\/\/hetvliegendenijlpaard.nl\/de-context-lezingen\/","url":"https:\/\/hetvliegendenijlpaard.nl\/de-context-lezingen\/","name":"De context: lezingen - Het Vliegende Nijlpaard","isPartOf":{"@id":"https:\/\/hetvliegendenijlpaard.nl\/#website"},"datePublished":"2018-10-02T11:58:19+00:00","dateModified":"2018-10-02T12:02:48+00:00","breadcrumb":{"@id":"https:\/\/hetvliegendenijlpaard.nl\/de-context-lezingen\/#breadcrumb"},"inLanguage":"en-GB","potentialAction":[{"@type":"ReadAction","target":["https:\/\/hetvliegendenijlpaard.nl\/de-context-lezingen\/"]}]},{"@type":"BreadcrumbList","@id":"https:\/\/hetvliegendenijlpaard.nl\/de-context-lezingen\/#breadcrumb","itemListElement":[{"@type":"ListItem","position":1,"name":"Home","item":"https:\/\/hetvliegendenijlpaard.nl\/"},{"@type":"ListItem","position":2,"name":"De context: lezingen"}]},{"@type":"WebSite","@id":"https:\/\/hetvliegendenijlpaard.nl\/#website","url":"https:\/\/hetvliegendenijlpaard.nl\/","name":"Het Vliegende Nijlpaard","description":"Cultuurtochten over oeroude paden, naar mummies en monikken, veen en zand","publisher":{"@id":"https:\/\/hetvliegendenijlpaard.nl\/#organization"},"potentialAction":[{"@type":"SearchAction","target":{"@type":"EntryPoint","urlTemplate":"https:\/\/hetvliegendenijlpaard.nl\/?s={search_term_string}"},"query-input":{"@type":"PropertyValueSpecification","valueRequired":true,"valueName":"search_term_string"}}],"inLanguage":"en-GB"},{"@type":"Organization","@id":"https:\/\/hetvliegendenijlpaard.nl\/#organization","name":"Het Vliegende Nijlpaard","alternateName":"Cultuurtochten over oeroude paden, naar mummies en monikken, veen en zand","url":"https:\/\/hetvliegendenijlpaard.nl\/","logo":{"@type":"ImageObject","inLanguage":"en-GB","@id":"https:\/\/hetvliegendenijlpaard.nl\/#\/schema\/logo\/image\/","url":"https:\/\/hetvliegendenijlpaard.nl\/wp-content\/uploads\/2018\/10\/cropped-Nijlpaard.png","contentUrl":"https:\/\/hetvliegendenijlpaard.nl\/wp-content\/uploads\/2018\/10\/cropped-Nijlpaard.png","width":512,"height":512,"caption":"Het Vliegende Nijlpaard"},"image":{"@id":"https:\/\/hetvliegendenijlpaard.nl\/#\/schema\/logo\/image\/"}}]}},"_links":{"self":[{"href":"https:\/\/hetvliegendenijlpaard.nl\/en\/wp-json\/wp\/v2\/pages\/8609","targetHints":{"allow":["GET"]}}],"collection":[{"href":"https:\/\/hetvliegendenijlpaard.nl\/en\/wp-json\/wp\/v2\/pages"}],"about":[{"href":"https:\/\/hetvliegendenijlpaard.nl\/en\/wp-json\/wp\/v2\/types\/page"}],"author":[{"embeddable":true,"href":"https:\/\/hetvliegendenijlpaard.nl\/en\/wp-json\/wp\/v2\/users\/1"}],"replies":[{"embeddable":true,"href":"https:\/\/hetvliegendenijlpaard.nl\/en\/wp-json\/wp\/v2\/comments?post=8609"}],"version-history":[{"count":4,"href":"https:\/\/hetvliegendenijlpaard.nl\/en\/wp-json\/wp\/v2\/pages\/8609\/revisions"}],"predecessor-version":[{"id":8614,"href":"https:\/\/hetvliegendenijlpaard.nl\/en\/wp-json\/wp\/v2\/pages\/8609\/revisions\/8614"}],"wp:attachment":[{"href":"https:\/\/hetvliegendenijlpaard.nl\/en\/wp-json\/wp\/v2\/media?parent=8609"}],"curies":[{"name":"wp","href":"https:\/\/api.w.org\/{rel}","templated":true}]}}